{"id":6,"date":"2021-11-11T17:06:37","date_gmt":"2021-11-11T16:06:37","guid":{"rendered":"http:\/\/allnet-consulting-betrug.com\/?page_id=6"},"modified":"2021-11-12T10:47:45","modified_gmt":"2021-11-12T09:47:45","slug":"orhan-cicek","status":"publish","type":"page","link":"https:\/\/allnet-consulting-betrug.com\/","title":{"rendered":"Orhan Cicek"},"content":{"rendered":"\t\t<div data-elementor-type=\"wp-page\" data-elementor-id=\"6\" class=\"elementor elementor-6\" data-elementor-settings=\"[]\">\n\t\t\t\t\t\t\t<div class=\"elementor-section-wrap\">\n\t\t\t\t\t\t\t<section class=\"elementor-section elementor-top-section elementor-element elementor-element-605216f elementor-section-boxed elementor-section-height-default elementor-section-height-default\" data-id=\"605216f\" data-element_type=\"section\">\n\t\t\t\t\t\t<div class=\"elementor-container elementor-column-gap-default\">\n\t\t\t\t\t<div class=\"elementor-column elementor-col-100 elementor-top-column elementor-element elementor-element-71e675b\" data-id=\"71e675b\" data-element_type=\"column\">\n\t\t\t<div class=\"elementor-widget-wrap elementor-element-populated\">\n\t\t\t\t\t\t\t\t<div class=\"elementor-element elementor-element-9e554e3 elementor-widget elementor-widget-image\" data-id=\"9e554e3\" data-element_type=\"widget\" data-widget_type=\"image.default\">\n\t\t\t\t<div class=\"elementor-widget-container\">\n\t\t\t\t\t\t\t\t\t\t\t\t\t\t\t<img loading=\"lazy\" decoding=\"async\" width=\"780\" height=\"321\" src=\"https:\/\/allnet-consulting-betrug.com\/wp-content\/uploads\/2021\/11\/allnet.png\" class=\"attachment-large size-large\" alt=\"\" srcset=\"https:\/\/allnet-consulting-betrug.com\/wp-content\/uploads\/2021\/11\/allnet.png 780w, https:\/\/allnet-consulting-betrug.com\/wp-content\/uploads\/2021\/11\/allnet-300x123.png 300w, https:\/\/allnet-consulting-betrug.com\/wp-content\/uploads\/2021\/11\/allnet-768x316.png 768w\" sizes=\"auto, (max-width: 780px) 100vw, 780px\" \/>\t\t\t\t\t\t\t\t\t\t\t\t\t\t\t<\/div>\n\t\t\t\t<\/div>\n\t\t\t\t<div class=\"elementor-element elementor-element-298cb69 elementor-widget elementor-widget-heading\" data-id=\"298cb69\" data-element_type=\"widget\" data-widget_type=\"heading.default\">\n\t\t\t\t<div class=\"elementor-widget-container\">\n\t\t\t<h1 class=\"elementor-heading-title elementor-size-default\">Orcan Cicek &amp; Allnet Consulting Istanbul - Eine lange Geschichte von L\u00fcgen und Betrug<\/h1>\t\t<\/div>\n\t\t\t\t<\/div>\n\t\t\t\t\t<\/div>\n\t\t<\/div>\n\t\t\t\t\t\t\t<\/div>\n\t\t<\/section>\n\t\t\t\t<section class=\"elementor-section elementor-top-section elementor-element elementor-element-9a11b18 elementor-section-boxed elementor-section-height-default elementor-section-height-default\" data-id=\"9a11b18\" data-element_type=\"section\">\n\t\t\t\t\t\t<div class=\"elementor-container elementor-column-gap-default\">\n\t\t\t\t\t<div class=\"elementor-column elementor-col-100 elementor-top-column elementor-element elementor-element-fe087f0\" data-id=\"fe087f0\" data-element_type=\"column\">\n\t\t\t<div class=\"elementor-widget-wrap elementor-element-populated\">\n\t\t\t\t\t\t\t\t<div class=\"elementor-element elementor-element-287dbbd elementor-widget elementor-widget-text-editor\" data-id=\"287dbbd\" data-element_type=\"widget\" data-widget_type=\"text-editor.default\">\n\t\t\t\t<div class=\"elementor-widget-container\">\n\t\t\t\t\t\t\tOrhan war als Jugendlicher schon auff\u00e4llig und war der Polizei im beschaulichen Stadthagen wegen\nzahlreichen Delikten kein Unbekannter. Lange Jahre terrorisierte er den kleinen Ort. Den ersten Schulverweis sicherte er sich, indem er seinen Mitsch\u00fclern durch Betr\u00fcgerein gepaart mit\nGewaltandrohungen ihr Geld abnahm. Ein Jahr sp\u00e4ter folgte auch der Rausschmiss. Danach verbrachte er\neinige Zeit damit in Gro\u00dfst\u00e4dten wie Berlin, meist Touristen, mit Taschenspielertricks oder ganz einfachem Diebstahl das Geld aus der Tasche zu ziehen.\n\n\t\t\t\t\t\t<\/div>\n\t\t\t\t<\/div>\n\t\t\t\t<div class=\"elementor-element elementor-element-d21f0e5 elementor-widget elementor-widget-text-editor\" data-id=\"d21f0e5\" data-element_type=\"widget\" data-widget_type=\"text-editor.default\">\n\t\t\t\t<div class=\"elementor-widget-container\">\n\t\t\t\t\t\t\tDadurch hatte Orhan, nachdem er K\u00f6rperverletzung und Einbruch ebenfalls in sein Resume aufnahm, in\ndem Aust\u00fcfteln von Betrugsmaschen sein Steckenpferd entdeckt und es entspannte sich ein weitl\u00e4ufiges\nNetzwerk, welches bis heute ausgebaut wird.\nMit Anfang 30, als die Staatsanwaltschaft genug Beweise hatte und er kurz vor einer weiteren Anklage\nstand, die ihn ins Gef\u00e4ngnis bringen w\u00fcrde, fl\u00fcchtete er in die T\u00fcrkei, wo er bis heute lebt.\nDas Gerichtsverfahren hat in der Abwesenheit von Orhan stattgefunden und er wurde zu einer\nGef\u00e4ngnisstrafe verklagt. Aufgrund dessen wird er in Deutschland via Haftbefehl gesucht und kann daher\nauch nicht nach Deutschland zur\u00fcck. Es geht um diverse Betrugsf\u00e4lle und einer Haftstrafe von insgesamt\n4 Jahren.\n\t\t\t\t\t\t<\/div>\n\t\t\t\t<\/div>\n\t\t\t\t<div class=\"elementor-element elementor-element-c9c93c6 elementor-widget elementor-widget-text-editor\" data-id=\"c9c93c6\" data-element_type=\"widget\" data-widget_type=\"text-editor.default\">\n\t\t\t\t<div class=\"elementor-widget-container\">\n\t\t\t\t\t\t\tIn der T\u00fcrkei gr\u00fcndete er das Unternehmen Allnet Consulting, ein Callcenter, welches er f\u00fcr seine Betrugsmasche\nnutzt. In dieser werden Leute angerufen und mit Androhungen dazu gen\u00f6tigt einen \u00fcberteuertes Abonnement abzuschlie\u00dfen. Dies richtet sich klar an Menschen, die schnell \u00fcberrumpelt werden k\u00f6nnen, wie zum Beispiel Senioren oder geistig eingeschr\u00e4nkte Personen.\t\t\t\t\t\t<\/div>\n\t\t\t\t<\/div>\n\t\t\t\t<div class=\"elementor-element elementor-element-abbf373 elementor-widget elementor-widget-text-editor\" data-id=\"abbf373\" data-element_type=\"widget\" data-widget_type=\"text-editor.default\">\n\t\t\t\t<div class=\"elementor-widget-container\">\n\t\t\t\t\t\t\tDas Unternehmen Allnet h\u00e4lt sich aber eher im Hintergrund und meldet sich am Telefon als \u201eGewinnzentrale M\u00fcnchen\u201c um Glaubw\u00fcrdigkeit zu erzeugen. Diese f\u00fchren dann auch das erste Gespr\u00e4ch, in welchem zu dem Vertrag gedr\u00e4ngt wird. Dann meldet sich \u201eGlobal Premium Service M\u00fcnchen\u201c um den Vertrag abzuschlie\u00dfen.\nBeide Firmen existieren nicht, das sind beides Anrufe durch Allnet Consulting.\t\t\t\t\t\t<\/div>\n\t\t\t\t<\/div>\n\t\t\t\t<div class=\"elementor-element elementor-element-a36fbcc elementor-widget elementor-widget-text-editor\" data-id=\"a36fbcc\" data-element_type=\"widget\" data-widget_type=\"text-editor.default\">\n\t\t\t\t<div class=\"elementor-widget-container\">\n\t\t\t\t\t\t\tDer Verbraucherschutz ist bereits auf Orhan und seine Unternehmungen aufmerksam geworden und warnt Verbraucher eingehend davor irgendeinem Vertrag zuzustimmen, auch wenn mit der Aussicht auf gro\u00dfe Gewinnm\u00f6glichkeiten gelockt wird. Es wird geraten einfach aufzulegen und nicht zu glauben, dass ein Vertrag abgeschlossen wurde.\t\t\t\t\t\t<\/div>\n\t\t\t\t<\/div>\n\t\t\t\t\t<\/div>\n\t\t<\/div>\n\t\t\t\t\t\t\t<\/div>\n\t\t<\/section>\n\t\t\t\t<section class=\"elementor-section elementor-top-section elementor-element elementor-element-4a26f46 elementor-section-boxed elementor-section-height-default elementor-section-height-default\" data-id=\"4a26f46\" data-element_type=\"section\">\n\t\t\t\t\t\t<div class=\"elementor-container elementor-column-gap-default\">\n\t\t\t\t\t<div class=\"elementor-column elementor-col-100 elementor-top-column elementor-element elementor-element-c508b23\" data-id=\"c508b23\" data-element_type=\"column\">\n\t\t\t<div class=\"elementor-widget-wrap elementor-element-populated\">\n\t\t\t\t\t\t\t\t<div class=\"elementor-element elementor-element-7360530 elementor-widget elementor-widget-heading\" data-id=\"7360530\" data-element_type=\"widget\" data-widget_type=\"heading.default\">\n\t\t\t\t<div class=\"elementor-widget-container\">\n\t\t\t<h2 class=\"elementor-heading-title elementor-size-default\">So werden Mitarbeiter und Kunden bei Allnet Consulting Istanbul systematisch ausgenutzt und betrogen<\/h2>\t\t<\/div>\n\t\t\t\t<\/div>\n\t\t\t\t<div class=\"elementor-element elementor-element-1d77e89 elementor-widget elementor-widget-text-editor\" data-id=\"1d77e89\" data-element_type=\"widget\" data-widget_type=\"text-editor.default\">\n\t\t\t\t<div class=\"elementor-widget-container\">\n\t\t\t\t\t\t\tBei der oben beschriebenen Person handelt es sich um Orhan Cicek, unserem ehemaligen Arbeitgeber.\nWir sind ein Zusammenschluss von (ehemaligen) Angestellten von Allnet, die schon seit langem im\nKlinsch mit Orhan liegen. Wir sehen keinen anderen Asuweg mehr, als seine Machenschaften an die\n\u00d6ffentlichkeit zu tragen und jeden davor zu warnen dort zu arbeiten.\t\t\t\t\t\t<\/div>\n\t\t\t\t<\/div>\n\t\t\t\t<div class=\"elementor-element elementor-element-249c412 elementor-widget elementor-widget-text-editor\" data-id=\"249c412\" data-element_type=\"widget\" data-widget_type=\"text-editor.default\">\n\t\t\t\t<div class=\"elementor-widget-container\">\n\t\t\t\t\t\t\tBei Antritt wurden uns allen 10.000 TL versprochen, geworden sind es im Endeffekt 3000 TL. Das aber\nauch nur an guten Monaten. Seit Monaten warten wir aber nun schon auf unser Gehalt, nicht mal diesen\nHungerlohn von 3000 TL gibt man uns! Auf Nachfrage hie\u00df es immer, dass es n\u00e4chsten Monat auf jeden\nFall kommt und es nur kurze Engp\u00e4sse sind. Danach fuhr er dann mit seinem neuen schicken Auto vom\nGel\u00e4nde, da sehen wir ja wo unsere Geh\u00e4lter geblieben sind. Immer wenn wir ihn auf das Geld\nansprachen, fing er an zu br\u00fcllen und warf unsere St\u00fchle durch den Raum. Danach durften wir die dann\nselbst wieder aufheben um weiterzuarbeiten. Wenn dabei mal ein Stuhl kaputt ging, hatte man Pech\ngehabt, einen neuen gab es nicht. Generell ist er ein gro\u00dfer Choleriker und h\u00f6rt sich selbst sehr gern\nreden! Immer wenn ihm etwas nicht passt, br\u00fcllt er wie am Spie\u00df und droht ringsherum mit K\u00fcndigungen\num uns einzusch\u00fcchtern. Die miserable Lage von uns Angestellten wird schamlos ausgenutzt. Wenn man\nan einem Tag mal schlechte Zahlen hatte, dann war ein Besuch von ihm schon gewiss! Versprochene\nPr\u00e4mien oder Boni wurden von Anfang an nie gezahlt! Genauso wenig wurden \u00dcberstunden gezahlt und\nnicht selten hat er uns diese aufgezwungen. Die Pr\u00e4mien k\u00f6nnen ja aber auch nicht ausgezahlt werden,\nwenn unsere abgeschlossenen Auftr\u00e4ge storniert werden. Das haben jetzt schon einige Kollegen erlebt,\ndass man im Monat auf eine geringere Anzahl kommt, als eigentlich geleistet wurde. Auf Nachfrage\nkommt dann nur, dass Orhan Bescheid w\u00fcsste. Es ist ein Teufelskreis, da man sich viel M\u00fche gibt und er\ndann viele Sachen als \u201estorniert\u201c verbucht. So kommen wir erstens nicht auf die Anzahl, die f\u00fcr die\nPr\u00e4mien notwendig sind und er hat wieder einen Grund zu br\u00fcllen, da wir dann angeblich unsere Arbeit\nnicht gut genug machen. Wir sind uns mittlerweile sicher, dass er sie genau aus diesem Grund storniert,\num keine Pr\u00e4mien zahlen zu m\u00fcssen und sich so das Geld einfach selbst einstecken zu k\u00f6nnen. F\u00fcr ihn\nsind das zwei Fliegen mit einer Klappe. Naja eigentlich drei, so hat er direkt noch einen Grund ein wenig\nherumzuschreien. Auf die private Krankenkasse warten wir, trotzt diverser Versprechen, immer noch. Das\nscheint schlichtweg eine L\u00fcge zu sein um neue Angestellte zu k\u00f6dern. Wenn man \u00e4ltere Kollegen darauf\nanspricht, warten diese auch immer noch. Wenn man mal Widerworte gibt ist der Tag gelaufen, so etwas\nwird nicht akzeptiert!\t\t\t\t\t\t<\/div>\n\t\t\t\t<\/div>\n\t\t\t\t<div class=\"elementor-element elementor-element-fee66b5 elementor-widget elementor-widget-text-editor\" data-id=\"fee66b5\" data-element_type=\"widget\" data-widget_type=\"text-editor.default\">\n\t\t\t\t<div class=\"elementor-widget-container\">\n\t\t\t\t\t\t\tDie Arbeitspl\u00e4tze sind sehr schlecht ausgestattet und sehr schmutzig. Die Tische sind klebrig und\ngezeichnet durch viele Flecken meiner Vorg\u00e4nger. Die Arbeit besteht nur aus Outbound im Lotto-Bereich\nund das, obwohl wir mit Inbound gelockt wurden. Die Arbeitsatmosph\u00e4re ist dementsprechend sehr\nschlecht. Es herrscht kein Kollegenzusammenhalt, damit so etwas, wie dieser Zusammenschluss hier\nsystematisch unterdr\u00fcckt wird. Man soll nur erscheinen, seine Arbeit machen und dann wieder gehen.\nSehr oft wurde uns nicht mal die Zeit gegeben unsere Pausen zu machen, dann mussten wir den ganzen\nTag durcharbeiten. Der Umgang mit weiblichen Angestellten ist sehr sexistisch.\nWir werden angewiesen die Kunden am Telefon systematisch zu bel\u00fcgen und, wenn f\u00fcr den\nVertragsabschluss n\u00f6tig, auch zu bedrohen. Wir haben uns lange nicht getraut diesen Schritt zu gehen, da\nOrhan immer von seinen guten Verbindungen erz\u00e4hlte uns uns drohte, dass wir nie wieder Arbeit finden\nw\u00fcrden, wenn wir Allnet verlassen.\t\t\t\t\t\t<\/div>\n\t\t\t\t<\/div>\n\t\t\t\t<div class=\"elementor-element elementor-element-afbcbaf elementor-widget elementor-widget-text-editor\" data-id=\"afbcbaf\" data-element_type=\"widget\" data-widget_type=\"text-editor.default\">\n\t\t\t\t<div class=\"elementor-widget-container\">\n\t\t\t\t\t\t\tHier finden Sie die Website von Allnet-Consulting: <a href=\"http:\/\/www.allnet-consulting.com\">http:\/\/www.allnet-consulting.com<\/a>\t\t\t\t\t\t<\/div>\n\t\t\t\t<\/div>\n\t\t\t\t<div class=\"elementor-element elementor-element-d9bea4c elementor-widget elementor-widget-text-editor\" data-id=\"d9bea4c\" data-element_type=\"widget\" data-widget_type=\"text-editor.default\">\n\t\t\t\t<div class=\"elementor-widget-container\">\n\t\t\t\t\t\t\tHier finden Sie den Instagram Account: <a href=\"https:\/\/www.instagram.com\/allnet_consulting\">https:\/\/www.instagram.com\/allnet_consulting<\/a> \t\t\t\t\t\t<\/div>\n\t\t\t\t<\/div>\n\t\t\t\t\t<\/div>\n\t\t<\/div>\n\t\t\t\t\t\t\t<\/div>\n\t\t<\/section>\n\t\t\t\t\t\t<\/div>\n\t\t\t\t\t<\/div>\n\t\t","protected":false},"excerpt":{"rendered":"<p>Orcan Cicek &amp; Allnet Consulting Istanbul &#8211; Eine lange Geschichte von L\u00fcgen und Betrug Orhan war als Jugendlicher schon auff\u00e4llig und war der Polizei im beschaulichen Stadthagen wegen zahlreichen Delikten kein Unbekannter. Lange Jahre terrorisierte er den kleinen Ort. Den ersten Schulverweis sicherte er sich, indem er seinen Mitsch\u00fclern durch Betr\u00fcgerein gepaart mit Gewaltandrohungen ihr [&hellip;]<\/p>\n","protected":false},"author":1,"featured_media":0,"parent":0,"menu_order":0,"comment_status":"closed","ping_status":"closed","template":"","meta":{"footnotes":""},"class_list":["post-6","page","type-page","status-publish","hentry"],"yoast_head":"<!-- This site is optimized with the Yoast SEO plugin v17.5 - https:\/\/yoast.com\/wordpress\/plugins\/seo\/ -->\n<title>Allnet Consulting &amp; Orhan Cicek - Betrugsmeldung<\/title>\n<meta name=\"description\" content=\"Herr Orhan Cicek und seine Firma Allnet Consulting betr\u00fcgen systematisch Ihre Kunden und Mitarbeiter - erfahren Sie hier alle Details dazu!\" \/>\n<meta name=\"robots\" content=\"index, follow, max-snippet:-1, max-image-preview:large, max-video-preview:-1\" \/>\n<link rel=\"canonical\" href=\"https:\/\/allnet-consulting-betrug.com\/\" \/>\n<meta property=\"og:locale\" content=\"de_DE\" \/>\n<meta property=\"og:type\" content=\"article\" \/>\n<meta property=\"og:title\" content=\"Allnet Consulting &amp; Orhan Cicek - Betrugsmeldung\" \/>\n<meta property=\"og:description\" content=\"Herr Orhan Cicek und seine Firma Allnet Consulting betr\u00fcgen systematisch Ihre Kunden und Mitarbeiter - erfahren Sie hier alle Details dazu!\" \/>\n<meta property=\"og:url\" content=\"https:\/\/allnet-consulting-betrug.com\/\" \/>\n<meta property=\"og:site_name\" content=\"All Net Consulting Betrug\" \/>\n<meta property=\"article:modified_time\" content=\"2021-11-12T09:47:45+00:00\" \/>\n<meta property=\"og:image\" content=\"https:\/\/allnet-consulting-betrug.com\/wp-content\/uploads\/2021\/11\/allnet.png\" \/>\n<meta name=\"twitter:card\" content=\"summary_large_image\" \/>\n<meta name=\"twitter:label1\" content=\"Gesch\u00e4tzte Lesezeit\" \/>\n\t<meta name=\"twitter:data1\" content=\"5\u00a0Minuten\" \/>\n<script type=\"application\/ld+json\" class=\"yoast-schema-graph\">{\"@context\":\"https:\/\/schema.org\",\"@graph\":[{\"@type\":\"WebSite\",\"@id\":\"https:\/\/allnet-consulting-betrug.com\/#website\",\"url\":\"https:\/\/allnet-consulting-betrug.com\/\",\"name\":\"All Net Consulting Betrug\",\"description\":\"Eine weitere WordPress-Website\",\"potentialAction\":[{\"@type\":\"SearchAction\",\"target\":{\"@type\":\"EntryPoint\",\"urlTemplate\":\"https:\/\/allnet-consulting-betrug.com\/?s={search_term_string}\"},\"query-input\":\"required name=search_term_string\"}],\"inLanguage\":\"de\"},{\"@type\":\"ImageObject\",\"@id\":\"https:\/\/allnet-consulting-betrug.com\/#primaryimage\",\"inLanguage\":\"de\",\"url\":\"https:\/\/allnet-consulting-betrug.com\/wp-content\/uploads\/2021\/11\/allnet.png\",\"contentUrl\":\"https:\/\/allnet-consulting-betrug.com\/wp-content\/uploads\/2021\/11\/allnet.png\",\"width\":780,\"height\":321},{\"@type\":\"WebPage\",\"@id\":\"https:\/\/allnet-consulting-betrug.com\/#webpage\",\"url\":\"https:\/\/allnet-consulting-betrug.com\/\",\"name\":\"Allnet Consulting & Orhan Cicek - Betrugsmeldung\",\"isPartOf\":{\"@id\":\"https:\/\/allnet-consulting-betrug.com\/#website\"},\"primaryImageOfPage\":{\"@id\":\"https:\/\/allnet-consulting-betrug.com\/#primaryimage\"},\"datePublished\":\"2021-11-11T16:06:37+00:00\",\"dateModified\":\"2021-11-12T09:47:45+00:00\",\"description\":\"Herr Orhan Cicek und seine Firma Allnet Consulting betr\\u00fcgen systematisch Ihre Kunden und Mitarbeiter - erfahren Sie hier alle Details dazu!\",\"breadcrumb\":{\"@id\":\"https:\/\/allnet-consulting-betrug.com\/#breadcrumb\"},\"inLanguage\":\"de\",\"potentialAction\":[{\"@type\":\"ReadAction\",\"target\":[\"https:\/\/allnet-consulting-betrug.com\/\"]}]},{\"@type\":\"BreadcrumbList\",\"@id\":\"https:\/\/allnet-consulting-betrug.com\/#breadcrumb\",\"itemListElement\":[{\"@type\":\"ListItem\",\"position\":1,\"name\":\"Startseite\",\"item\":\"https:\/\/allnet-consulting-betrug.com\/\"},{\"@type\":\"ListItem\",\"position\":2,\"name\":\"Orhan Cicek\"}]}]}<\/script>\n<!-- \/ Yoast SEO plugin. -->","yoast_head_json":{"title":"Allnet Consulting & Orhan Cicek - Betrugsmeldung","description":"Herr Orhan Cicek und seine Firma Allnet Consulting betr\u00fcgen systematisch Ihre Kunden und Mitarbeiter - erfahren Sie hier alle Details dazu!","robots":{"index":"index","follow":"follow","max-snippet":"max-snippet:-1","max-image-preview":"max-image-preview:large","max-video-preview":"max-video-preview:-1"},"canonical":"https:\/\/allnet-consulting-betrug.com\/","og_locale":"de_DE","og_type":"article","og_title":"Allnet Consulting & Orhan Cicek - Betrugsmeldung","og_description":"Herr Orhan Cicek und seine Firma Allnet Consulting betr\u00fcgen systematisch Ihre Kunden und Mitarbeiter - erfahren Sie hier alle Details dazu!","og_url":"https:\/\/allnet-consulting-betrug.com\/","og_site_name":"All Net Consulting Betrug","article_modified_time":"2021-11-12T09:47:45+00:00","og_image":[{"url":"https:\/\/allnet-consulting-betrug.com\/wp-content\/uploads\/2021\/11\/allnet.png"}],"twitter_card":"summary_large_image","twitter_misc":{"Gesch\u00e4tzte Lesezeit":"5\u00a0Minuten"},"schema":{"@context":"https:\/\/schema.org","@graph":[{"@type":"WebSite","@id":"https:\/\/allnet-consulting-betrug.com\/#website","url":"https:\/\/allnet-consulting-betrug.com\/","name":"All Net Consulting Betrug","description":"Eine weitere WordPress-Website","potentialAction":[{"@type":"SearchAction","target":{"@type":"EntryPoint","urlTemplate":"https:\/\/allnet-consulting-betrug.com\/?s={search_term_string}"},"query-input":"required name=search_term_string"}],"inLanguage":"de"},{"@type":"ImageObject","@id":"https:\/\/allnet-consulting-betrug.com\/#primaryimage","inLanguage":"de","url":"https:\/\/allnet-consulting-betrug.com\/wp-content\/uploads\/2021\/11\/allnet.png","contentUrl":"https:\/\/allnet-consulting-betrug.com\/wp-content\/uploads\/2021\/11\/allnet.png","width":780,"height":321},{"@type":"WebPage","@id":"https:\/\/allnet-consulting-betrug.com\/#webpage","url":"https:\/\/allnet-consulting-betrug.com\/","name":"Allnet Consulting & Orhan Cicek - Betrugsmeldung","isPartOf":{"@id":"https:\/\/allnet-consulting-betrug.com\/#website"},"primaryImageOfPage":{"@id":"https:\/\/allnet-consulting-betrug.com\/#primaryimage"},"datePublished":"2021-11-11T16:06:37+00:00","dateModified":"2021-11-12T09:47:45+00:00","description":"Herr Orhan Cicek und seine Firma Allnet Consulting betr\u00fcgen systematisch Ihre Kunden und Mitarbeiter - erfahren Sie hier alle Details dazu!","breadcrumb":{"@id":"https:\/\/allnet-consulting-betrug.com\/#breadcrumb"},"inLanguage":"de","potentialAction":[{"@type":"ReadAction","target":["https:\/\/allnet-consulting-betrug.com\/"]}]},{"@type":"BreadcrumbList","@id":"https:\/\/allnet-consulting-betrug.com\/#breadcrumb","itemListElement":[{"@type":"ListItem","position":1,"name":"Startseite","item":"https:\/\/allnet-consulting-betrug.com\/"},{"@type":"ListItem","position":2,"name":"Orhan Cicek"}]}]}},"_links":{"self":[{"href":"https:\/\/allnet-consulting-betrug.com\/index.php\/wp-json\/wp\/v2\/pages\/6","targetHints":{"allow":["GET"]}}],"collection":[{"href":"https:\/\/allnet-consulting-betrug.com\/index.php\/wp-json\/wp\/v2\/pages"}],"about":[{"href":"https:\/\/allnet-consulting-betrug.com\/index.php\/wp-json\/wp\/v2\/types\/page"}],"author":[{"embeddable":true,"href":"https:\/\/allnet-consulting-betrug.com\/index.php\/wp-json\/wp\/v2\/users\/1"}],"replies":[{"embeddable":true,"href":"https:\/\/allnet-consulting-betrug.com\/index.php\/wp-json\/wp\/v2\/comments?post=6"}],"version-history":[{"count":23,"href":"https:\/\/allnet-consulting-betrug.com\/index.php\/wp-json\/wp\/v2\/pages\/6\/revisions"}],"predecessor-version":[{"id":39,"href":"https:\/\/allnet-consulting-betrug.com\/index.php\/wp-json\/wp\/v2\/pages\/6\/revisions\/39"}],"wp:attachment":[{"href":"https:\/\/allnet-consulting-betrug.com\/index.php\/wp-json\/wp\/v2\/media?parent=6"}],"curies":[{"name":"wp","href":"https:\/\/api.w.org\/{rel}","templated":true}]}}